{"id":736,"date":"2025-04-11T18:31:59","date_gmt":"2025-04-11T15:31:59","guid":{"rendered":"https:\/\/turnuvaligi.com\/JWCA\/?page_id=736"},"modified":"2025-04-12T22:09:05","modified_gmt":"2025-04-12T19:09:05","slug":"stadyumlar","status":"publish","type":"page","link":"https:\/\/turnuvaligi.com\/JWCA\/stadyumlar\/","title":{"rendered":"Stadyumlar"},"content":{"rendered":"\t\t<div data-elementor-type=\"wp-page\" data-elementor-id=\"736\" class=\"elementor elementor-736\" data-elementor-post-type=\"page\">\n\t\t\t\t<div class=\"elementor-element elementor-element-af691b9 e-flex e-con-boxed e-con e-parent\" data-id=\"af691b9\" data-element_type=\"container\" data-settings=\"{&quot;background_background&quot;:&quot;classic&quot;}\">\n\t\t\t\t\t<div class=\"e-con-inner\">\n\t\t<div class=\"elementor-element elementor-element-72f71a0 e-con-full e-flex e-con e-child\" data-id=\"72f71a0\" data-element_type=\"container\">\n\t\t\t\t<div class=\"elementor-element elementor-element-ff51e24 elementor-widget elementor-widget-heading\" data-id=\"ff51e24\" data-element_type=\"widget\" data-widget_type=\"heading.default\">\n\t\t\t\t<div class=\"elementor-widget-container\">\n\t\t\t\t\t<h2 class=\"elementor-heading-title elementor-size-default\">Ma\u00e7\u0131n\u0131z\u0131 Nerede \u0130zleyece\u011finizi \u00d6\u011frenin<\/h2>\t\t\t\t<\/div>\n\t\t\t\t<\/div>\n\t\t\t\t<div class=\"elementor-element elementor-element-14b88d3 elementor-widget-divider--view-line elementor-widget elementor-widget-divider\" data-id=\"14b88d3\" data-element_type=\"widget\" data-widget_type=\"divider.default\">\n\t\t\t\t<div class=\"elementor-widget-container\">\n\t\t\t\t\t\t\t<div class=\"elementor-divider\">\n\t\t\t<span class=\"elementor-divider-separator\">\n\t\t\t\t\t\t<\/span>\n\t\t<\/div>\n\t\t\t\t\t\t<\/div>\n\t\t\t\t<\/div>\n\t\t\t\t<div class=\"elementor-element elementor-element-f337d43 elementor-widget elementor-widget-text-editor\" data-id=\"f337d43\" data-element_type=\"widget\" data-widget_type=\"text-editor.default\">\n\t\t\t\t<div class=\"elementor-widget-container\">\n\t\t\t\t\t\t\t\t\t<p>\u0130zleyece\u011finiz ma\u00e7\u0131n hangi stadyum veya sahada oynanaca\u011f\u0131n\u0131 fikst\u00fcr sayfas\u0131ndan kontrol edebilirsiniz.<br \/>Konum bilgilerini \u00f6\u011frendikten sonra, bu sayfadaki stadyum listesinden ilgili sahay\u0131 se\u00e7erek yol tarifi alabilirsiniz.<\/p>\t\t\t\t\t\t\t\t<\/div>\n\t\t\t\t<\/div>\n\t\t\t\t<\/div>\n\t\t<div class=\"elementor-element elementor-element-56e2d36 e-con-full e-flex e-con e-child\" data-id=\"56e2d36\" data-element_type=\"container\">\n\t\t<div class=\"elementor-element elementor-element-5d9cd3f e-con-full e-flex e-con e-child\" data-id=\"5d9cd3f\" data-element_type=\"container\">\n\t\t<div class=\"elementor-element elementor-element-0fb9ae0 e-con-full e-flex e-con e-child\" data-id=\"0fb9ae0\" data-element_type=\"container\" data-settings=\"{&quot;background_background&quot;:&quot;gradient&quot;}\">\n\t\t\t\t<div class=\"elementor-element elementor-element-7a3bb65 elementor-widget elementor-widget-heading\" data-id=\"7a3bb65\" data-element_type=\"widget\" data-widget_type=\"heading.default\">\n\t\t\t\t<div class=\"elementor-widget-container\">\n\t\t\t\t\t<h2 class=\"elementor-heading-title elementor-size-default\">Susesi  Football Center<\/h2>\t\t\t\t<\/div>\n\t\t\t\t<\/div>\n\t\t\t\t<div class=\"elementor-element elementor-element-53d33c4 elementor-widget elementor-widget-button\" data-id=\"53d33c4\" data-element_type=\"widget\" data-widget_type=\"button.default\">\n\t\t\t\t<div class=\"elementor-widget-container\">\n\t\t\t\t\t\t\t\t\t<div class=\"elementor-button-wrapper\">\n\t\t\t\t\t<a class=\"elementor-button elementor-button-link elementor-size-sm\" href=\"https:\/\/maps.google.com\/maps\/dir\/\/Susesi+Sports+Center+Eminceler+07500+Serik%2FAntalya\/@36.8902872,31.0510181,15z\/data=!4m5!4m4!1m0!1m2!1m1!1s0x14c37ceb599d5da1:0x3a003c5a9c7eda29\">\n\t\t\t\t\t\t<span class=\"elementor-button-content-wrapper\">\n\t\t\t\t\t\t<span class=\"elementor-button-icon\">\n\t\t\t\t<svg aria-hidden=\"true\" class=\"e-font-icon-svg e-fas-location-arrow\" viewBox=\"0 0 512 512\" xmlns=\"http:\/\/www.w3.org\/2000\/svg\"><path d=\"M444.52 3.52L28.74 195.42c-47.97 22.39-31.98 92.75 19.19 92.75h175.91v175.91c0 51.17 70.36 67.17 92.75 19.19l191.9-415.78c15.99-38.39-25.59-79.97-63.97-63.97z\"><\/path><\/svg>\t\t\t<\/span>\n\t\t\t\t\t\t\t\t\t<span class=\"elementor-button-text\">Yol Tarifi<\/span>\n\t\t\t\t\t<\/span>\n\t\t\t\t\t<\/a>\n\t\t\t\t<\/div>\n\t\t\t\t\t\t\t\t<\/div>\n\t\t\t\t<\/div>\n\t\t\t\t<\/div>\n\t\t\t\t<div class=\"elementor-element elementor-element-2eccfa0 elementor-widget elementor-widget-google_maps\" data-id=\"2eccfa0\" data-element_type=\"widget\" data-widget_type=\"google_maps.default\">\n\t\t\t\t<div class=\"elementor-widget-container\">\n\t\t\t\t\t\t\t<div class=\"elementor-custom-embed\">\n\t\t\t<iframe loading=\"lazy\"\n\t\t\t\t\tsrc=\"https:\/\/maps.google.com\/maps?q=Susesi%20Sport%20Center&#038;t=m&#038;z=15&#038;output=embed&#038;iwloc=near\"\n\t\t\t\t\ttitle=\"Susesi Sport Center\"\n\t\t\t\t\taria-label=\"Susesi Sport Center\"\n\t\t\t><\/iframe>\n\t\t<\/div>\n\t\t\t\t\t\t<\/div>\n\t\t\t\t<\/div>\n\t\t\t\t<\/div>\n\t\t<div class=\"elementor-element elementor-element-766d6c1 e-con-full e-flex e-con e-child\" data-id=\"766d6c1\" data-element_type=\"container\">\n\t\t<div class=\"elementor-element elementor-element-1f5e328 e-con-full e-flex e-con e-child\" data-id=\"1f5e328\" data-element_type=\"container\" data-settings=\"{&quot;background_background&quot;:&quot;gradient&quot;}\">\n\t\t\t\t<div class=\"elementor-element elementor-element-a84c318 elementor-widget elementor-widget-heading\" data-id=\"a84c318\" data-element_type=\"widget\" data-widget_type=\"heading.default\">\n\t\t\t\t<div class=\"elementor-widget-container\">\n\t\t\t\t\t<h2 class=\"elementor-heading-title elementor-size-default\">Papillon  Football Center<\/h2>\t\t\t\t<\/div>\n\t\t\t\t<\/div>\n\t\t\t\t<div class=\"elementor-element elementor-element-9034264 elementor-widget elementor-widget-button\" data-id=\"9034264\" data-element_type=\"widget\" data-widget_type=\"button.default\">\n\t\t\t\t<div class=\"elementor-widget-container\">\n\t\t\t\t\t\t\t\t\t<div class=\"elementor-button-wrapper\">\n\t\t\t\t\t<a class=\"elementor-button elementor-button-link elementor-size-sm\" href=\"https:\/\/maps.google.com\/maps\/dir\/\/Papillon+Sports+Center+-+Football+Training+Camp+Kadriye+07525+Serik%2FAntalya\/@36.8821536,31.0235855,15z\/data=!4m5!4m4!1m0!1m2!1m1!1s0x14c37dae13ac7f5d:0x1b768ce2a9250c83\">\n\t\t\t\t\t\t<span class=\"elementor-button-content-wrapper\">\n\t\t\t\t\t\t<span class=\"elementor-button-icon\">\n\t\t\t\t<svg aria-hidden=\"true\" class=\"e-font-icon-svg e-fas-location-arrow\" viewBox=\"0 0 512 512\" xmlns=\"http:\/\/www.w3.org\/2000\/svg\"><path d=\"M444.52 3.52L28.74 195.42c-47.97 22.39-31.98 92.75 19.19 92.75h175.91v175.91c0 51.17 70.36 67.17 92.75 19.19l191.9-415.78c15.99-38.39-25.59-79.97-63.97-63.97z\"><\/path><\/svg>\t\t\t<\/span>\n\t\t\t\t\t\t\t\t\t<span class=\"elementor-button-text\">Yol Tarifi<\/span>\n\t\t\t\t\t<\/span>\n\t\t\t\t\t<\/a>\n\t\t\t\t<\/div>\n\t\t\t\t\t\t\t\t<\/div>\n\t\t\t\t<\/div>\n\t\t\t\t<\/div>\n\t\t\t\t<div class=\"elementor-element elementor-element-936e9f5 elementor-widget elementor-widget-google_maps\" data-id=\"936e9f5\" data-element_type=\"widget\" data-widget_type=\"google_maps.default\">\n\t\t\t\t<div class=\"elementor-widget-container\">\n\t\t\t\t\t\t\t<div class=\"elementor-custom-embed\">\n\t\t\t<iframe loading=\"lazy\"\n\t\t\t\t\tsrc=\"https:\/\/maps.google.com\/maps?q=Papillon%20Sport%20Center&#038;t=m&#038;z=15&#038;output=embed&#038;iwloc=near\"\n\t\t\t\t\ttitle=\"Papillon Sport Center\"\n\t\t\t\t\taria-label=\"Papillon Sport Center\"\n\t\t\t><\/iframe>\n\t\t<\/div>\n\t\t\t\t\t\t<\/div>\n\t\t\t\t<\/div>\n\t\t\t\t<\/div>\n\t\t<div class=\"elementor-element elementor-element-b37ee56 e-con-full e-flex e-con e-child\" data-id=\"b37ee56\" data-element_type=\"container\">\n\t\t<div class=\"elementor-element elementor-element-972bbb6 e-con-full e-flex e-con e-child\" data-id=\"972bbb6\" data-element_type=\"container\" data-settings=\"{&quot;background_background&quot;:&quot;gradient&quot;}\">\n\t\t\t\t<div class=\"elementor-element elementor-element-fece37b elementor-widget elementor-widget-heading\" data-id=\"fece37b\" data-element_type=\"widget\" data-widget_type=\"heading.default\">\n\t\t\t\t<div class=\"elementor-widget-container\">\n\t\t\t\t\t<h2 class=\"elementor-heading-title elementor-size-default\">Calista  Football Center<\/h2>\t\t\t\t<\/div>\n\t\t\t\t<\/div>\n\t\t\t\t<div class=\"elementor-element elementor-element-b83511a elementor-widget elementor-widget-button\" data-id=\"b83511a\" data-element_type=\"widget\" data-widget_type=\"button.default\">\n\t\t\t\t<div class=\"elementor-widget-container\">\n\t\t\t\t\t\t\t\t\t<div class=\"elementor-button-wrapper\">\n\t\t\t\t\t<a class=\"elementor-button elementor-button-link elementor-size-sm\" href=\"https:\/\/maps.google.com\/maps\/dir\/\/Calista+Luxury+Resort+-+Sports+Center+Kadriye+Tat+Golf+Belek+07525+Serik%2FAntalya\/@36.878152,30.984696,15z\/data=!4m5!4m4!1m0!1m2!1m1!1s0x14c37959b53eb3b1:0x5a064e3b7b89483f\">\n\t\t\t\t\t\t<span class=\"elementor-button-content-wrapper\">\n\t\t\t\t\t\t<span class=\"elementor-button-icon\">\n\t\t\t\t<svg aria-hidden=\"true\" class=\"e-font-icon-svg e-fas-location-arrow\" viewBox=\"0 0 512 512\" xmlns=\"http:\/\/www.w3.org\/2000\/svg\"><path d=\"M444.52 3.52L28.74 195.42c-47.97 22.39-31.98 92.75 19.19 92.75h175.91v175.91c0 51.17 70.36 67.17 92.75 19.19l191.9-415.78c15.99-38.39-25.59-79.97-63.97-63.97z\"><\/path><\/svg>\t\t\t<\/span>\n\t\t\t\t\t\t\t\t\t<span class=\"elementor-button-text\">Yol Tarifi<\/span>\n\t\t\t\t\t<\/span>\n\t\t\t\t\t<\/a>\n\t\t\t\t<\/div>\n\t\t\t\t\t\t\t\t<\/div>\n\t\t\t\t<\/div>\n\t\t\t\t<\/div>\n\t\t\t\t<div class=\"elementor-element elementor-element-5db0243 elementor-widget elementor-widget-google_maps\" data-id=\"5db0243\" data-element_type=\"widget\" data-widget_type=\"google_maps.default\">\n\t\t\t\t<div class=\"elementor-widget-container\">\n\t\t\t\t\t\t\t<div class=\"elementor-custom-embed\">\n\t\t\t<iframe loading=\"lazy\"\n\t\t\t\t\tsrc=\"https:\/\/maps.google.com\/maps?q=Calista%20Luxury%20Resort%20-%20Sports%20Center&#038;t=m&#038;z=15&#038;output=embed&#038;iwloc=near\"\n\t\t\t\t\ttitle=\"Calista Luxury Resort - Sports Center\"\n\t\t\t\t\taria-label=\"Calista Luxury Resort - Sports Center\"\n\t\t\t><\/iframe>\n\t\t<\/div>\n\t\t\t\t\t\t<\/div>\n\t\t\t\t<\/div>\n\t\t\t\t<\/div>\n\t\t<div class=\"elementor-element elementor-element-7a879b3 e-con-full e-flex e-con e-child\" data-id=\"7a879b3\" data-element_type=\"container\">\n\t\t<div class=\"elementor-element elementor-element-e817019 e-con-full e-flex e-con e-child\" data-id=\"e817019\" data-element_type=\"container\" data-settings=\"{&quot;background_background&quot;:&quot;gradient&quot;}\">\n\t\t\t\t<div class=\"elementor-element elementor-element-91d5f60 elementor-widget elementor-widget-heading\" data-id=\"91d5f60\" data-element_type=\"widget\" data-widget_type=\"heading.default\">\n\t\t\t\t<div class=\"elementor-widget-container\">\n\t\t\t\t\t<h2 class=\"elementor-heading-title elementor-size-default\">Titanic  Football Center<\/h2>\t\t\t\t<\/div>\n\t\t\t\t<\/div>\n\t\t\t\t<div class=\"elementor-element elementor-element-6fbc2a2 elementor-widget elementor-widget-button\" data-id=\"6fbc2a2\" data-element_type=\"widget\" data-widget_type=\"button.default\">\n\t\t\t\t<div class=\"elementor-widget-container\">\n\t\t\t\t\t\t\t\t\t<div class=\"elementor-button-wrapper\">\n\t\t\t\t\t<a class=\"elementor-button elementor-button-link elementor-size-sm\" href=\"https:\/\/maps.google.com\/maps\/dir\/\/Titanic+Deluxe+Belek+Football+Center+Kadriye+07525+Serik%2FAntalya\/@36.8829391,30.9805824,15z\/data=!4m5!4m4!1m0!1m2!1m1!1s0x14c37951289b7c9f:0x70d7cfe308345e8f\">\n\t\t\t\t\t\t<span class=\"elementor-button-content-wrapper\">\n\t\t\t\t\t\t<span class=\"elementor-button-icon\">\n\t\t\t\t<svg aria-hidden=\"true\" class=\"e-font-icon-svg e-fas-location-arrow\" viewBox=\"0 0 512 512\" xmlns=\"http:\/\/www.w3.org\/2000\/svg\"><path d=\"M444.52 3.52L28.74 195.42c-47.97 22.39-31.98 92.75 19.19 92.75h175.91v175.91c0 51.17 70.36 67.17 92.75 19.19l191.9-415.78c15.99-38.39-25.59-79.97-63.97-63.97z\"><\/path><\/svg>\t\t\t<\/span>\n\t\t\t\t\t\t\t\t\t<span class=\"elementor-button-text\">Yol Tarifi<\/span>\n\t\t\t\t\t<\/span>\n\t\t\t\t\t<\/a>\n\t\t\t\t<\/div>\n\t\t\t\t\t\t\t\t<\/div>\n\t\t\t\t<\/div>\n\t\t\t\t<\/div>\n\t\t\t\t<div class=\"elementor-element elementor-element-25e0a3b elementor-widget elementor-widget-google_maps\" data-id=\"25e0a3b\" data-element_type=\"widget\" data-widget_type=\"google_maps.default\">\n\t\t\t\t<div class=\"elementor-widget-container\">\n\t\t\t\t\t\t\t<div class=\"elementor-custom-embed\">\n\t\t\t<iframe loading=\"lazy\"\n\t\t\t\t\tsrc=\"https:\/\/maps.google.com\/maps?q=Titanic%20Deluxe%20Belek%20Football%20Center&#038;t=m&#038;z=15&#038;output=embed&#038;iwloc=near\"\n\t\t\t\t\ttitle=\"Titanic Deluxe Belek Football Center\"\n\t\t\t\t\taria-label=\"Titanic Deluxe Belek Football Center\"\n\t\t\t><\/iframe>\n\t\t<\/div>\n\t\t\t\t\t\t<\/div>\n\t\t\t\t<\/div>\n\t\t\t\t<\/div>\n\t\t<div class=\"elementor-element elementor-element-56c5763 e-con-full e-flex e-con e-child\" data-id=\"56c5763\" data-element_type=\"container\">\n\t\t<div class=\"elementor-element elementor-element-230c9aa e-con-full e-flex e-con e-child\" data-id=\"230c9aa\" data-element_type=\"container\" data-settings=\"{&quot;background_background&quot;:&quot;gradient&quot;}\">\n\t\t\t\t<div class=\"elementor-element elementor-element-5a23f45 elementor-widget elementor-widget-heading\" data-id=\"5a23f45\" data-element_type=\"widget\" data-widget_type=\"heading.default\">\n\t\t\t\t<div class=\"elementor-widget-container\">\n\t\t\t\t\t<h2 class=\"elementor-heading-title elementor-size-default\">Megasaray  Football Center<\/h2>\t\t\t\t<\/div>\n\t\t\t\t<\/div>\n\t\t\t\t<div class=\"elementor-element elementor-element-96b867d elementor-widget elementor-widget-button\" data-id=\"96b867d\" data-element_type=\"widget\" data-widget_type=\"button.default\">\n\t\t\t\t<div class=\"elementor-widget-container\">\n\t\t\t\t\t\t\t\t\t<div class=\"elementor-button-wrapper\">\n\t\t\t\t\t<a class=\"elementor-button elementor-button-link elementor-size-sm\" href=\"https:\/\/maps.google.com\/maps\/dir\/\/Susesi+Sports+Center+Eminceler+07500+Serik%2FAntalya\/@36.8902872,31.0510181,15z\/data=!4m5!4m4!1m0!1m2!1m1!1s0x14c37ceb599d5da1:0x3a003c5a9c7eda29\">\n\t\t\t\t\t\t<span class=\"elementor-button-content-wrapper\">\n\t\t\t\t\t\t<span class=\"elementor-button-icon\">\n\t\t\t\t<svg aria-hidden=\"true\" class=\"e-font-icon-svg e-fas-location-arrow\" viewBox=\"0 0 512 512\" xmlns=\"http:\/\/www.w3.org\/2000\/svg\"><path d=\"M444.52 3.52L28.74 195.42c-47.97 22.39-31.98 92.75 19.19 92.75h175.91v175.91c0 51.17 70.36 67.17 92.75 19.19l191.9-415.78c15.99-38.39-25.59-79.97-63.97-63.97z\"><\/path><\/svg>\t\t\t<\/span>\n\t\t\t\t\t\t\t\t\t<span class=\"elementor-button-text\">Yol Tarifi<\/span>\n\t\t\t\t\t<\/span>\n\t\t\t\t\t<\/a>\n\t\t\t\t<\/div>\n\t\t\t\t\t\t\t\t<\/div>\n\t\t\t\t<\/div>\n\t\t\t\t<\/div>\n\t\t\t\t<div class=\"elementor-element elementor-element-1350156 elementor-widget elementor-widget-google_maps\" data-id=\"1350156\" data-element_type=\"widget\" data-widget_type=\"google_maps.default\">\n\t\t\t\t<div class=\"elementor-widget-container\">\n\t\t\t\t\t\t\t<div class=\"elementor-custom-embed\">\n\t\t\t<iframe loading=\"lazy\"\n\t\t\t\t\tsrc=\"https:\/\/maps.google.com\/maps?q=Megasaray%20football&#038;t=m&#038;z=15&#038;output=embed&#038;iwloc=near\"\n\t\t\t\t\ttitle=\"Megasaray football\"\n\t\t\t\t\taria-label=\"Megasaray football\"\n\t\t\t><\/iframe>\n\t\t<\/div>\n\t\t\t\t\t\t<\/div>\n\t\t\t\t<\/div>\n\t\t\t\t<\/div>\n\t\t<div class=\"elementor-element elementor-element-6387130 e-con-full e-flex e-con e-child\" data-id=\"6387130\" data-element_type=\"container\">\n\t\t<div class=\"elementor-element elementor-element-982007d e-con-full e-flex e-con e-child\" data-id=\"982007d\" data-element_type=\"container\" data-settings=\"{&quot;background_background&quot;:&quot;gradient&quot;}\">\n\t\t\t\t<div class=\"elementor-element elementor-element-924014d elementor-widget elementor-widget-heading\" data-id=\"924014d\" data-element_type=\"widget\" data-widget_type=\"heading.default\">\n\t\t\t\t<div class=\"elementor-widget-container\">\n\t\t\t\t\t<h2 class=\"elementor-heading-title elementor-size-default\">Titanic Mardan Stadyum<\/h2>\t\t\t\t<\/div>\n\t\t\t\t<\/div>\n\t\t\t\t<div class=\"elementor-element elementor-element-8293951 elementor-widget elementor-widget-button\" data-id=\"8293951\" data-element_type=\"widget\" data-widget_type=\"button.default\">\n\t\t\t\t<div class=\"elementor-widget-container\">\n\t\t\t\t\t\t\t\t\t<div class=\"elementor-button-wrapper\">\n\t\t\t\t\t<a class=\"elementor-button elementor-button-link elementor-size-sm\" href=\"https:\/\/maps.google.com\/maps\/dir\/\/Mardan+Spor+Kompleksi+Kundu+07110+Aksu%2FAntalya\/@36.9070214,30.8930095,15z\/data=!4m5!4m4!1m0!1m2!1m1!1s0x14c38207a4d7eb0d:0x4127736aac53ded\">\n\t\t\t\t\t\t<span class=\"elementor-button-content-wrapper\">\n\t\t\t\t\t\t<span class=\"elementor-button-icon\">\n\t\t\t\t<svg aria-hidden=\"true\" class=\"e-font-icon-svg e-fas-location-arrow\" viewBox=\"0 0 512 512\" xmlns=\"http:\/\/www.w3.org\/2000\/svg\"><path d=\"M444.52 3.52L28.74 195.42c-47.97 22.39-31.98 92.75 19.19 92.75h175.91v175.91c0 51.17 70.36 67.17 92.75 19.19l191.9-415.78c15.99-38.39-25.59-79.97-63.97-63.97z\"><\/path><\/svg>\t\t\t<\/span>\n\t\t\t\t\t\t\t\t\t<span class=\"elementor-button-text\">Yol Tarifi<\/span>\n\t\t\t\t\t<\/span>\n\t\t\t\t\t<\/a>\n\t\t\t\t<\/div>\n\t\t\t\t\t\t\t\t<\/div>\n\t\t\t\t<\/div>\n\t\t\t\t<\/div>\n\t\t\t\t<div class=\"elementor-element elementor-element-972e270 elementor-widget elementor-widget-google_maps\" data-id=\"972e270\" data-element_type=\"widget\" data-widget_type=\"google_maps.default\">\n\t\t\t\t<div class=\"elementor-widget-container\">\n\t\t\t\t\t\t\t<div class=\"elementor-custom-embed\">\n\t\t\t<iframe loading=\"lazy\"\n\t\t\t\t\tsrc=\"https:\/\/maps.google.com\/maps?q=Titanic%20Mardan%20Stadyumu&#038;t=m&#038;z=15&#038;output=embed&#038;iwloc=near\"\n\t\t\t\t\ttitle=\"Titanic Mardan Stadyumu\"\n\t\t\t\t\taria-label=\"Titanic Mardan Stadyumu\"\n\t\t\t><\/iframe>\n\t\t<\/div>\n\t\t\t\t\t\t<\/div>\n\t\t\t\t<\/div>\n\t\t\t\t<\/div>\n\t\t\t\t<\/div>\n\t\t\t\t\t<\/div>\n\t\t\t\t<\/div>\n\t\t\t\t<\/div>\n\t\t","protected":false},"excerpt":{"rendered":"<p>Ma\u00e7\u0131n\u0131z\u0131 Nerede \u0130zleyece\u011finizi \u00d6\u011frenin \u0130zleyece\u011finiz ma\u00e7\u0131n hangi stadyum veya sahada oynanaca\u011f\u0131n\u0131 fikst\u00fcr sayfas\u0131ndan kontrol edebilirsiniz.Konum bilgilerini \u00f6\u011frendikten sonra, bu sayfadaki stadyum listesinden ilgili sahay\u0131 se\u00e7erek yol tarifi alabilirsiniz. Susesi Football Center Yol Tarifi Papillon Football Center Yol Tarifi Calista Football Center Yol Tarifi Titanic Football Center Yol Tarifi Megasaray Football Center Yol Tarifi Titanic Mardan [&hellip;]<\/p>\n","protected":false},"author":1,"featured_media":0,"parent":0,"menu_order":0,"comment_status":"closed","ping_status":"closed","template":"elementor_header_footer","meta":{"footnotes":""},"class_list":["post-736","page","type-page","status-publish","hentry"],"_links":{"self":[{"href":"https:\/\/turnuvaligi.com\/JWCA\/wp-json\/wp\/v2\/pages\/736","targetHints":{"allow":["GET"]}}],"collection":[{"href":"https:\/\/turnuvaligi.com\/JWCA\/wp-json\/wp\/v2\/pages"}],"about":[{"href":"https:\/\/turnuvaligi.com\/JWCA\/wp-json\/wp\/v2\/types\/page"}],"author":[{"embeddable":true,"href":"https:\/\/turnuvaligi.com\/JWCA\/wp-json\/wp\/v2\/users\/1"}],"replies":[{"embeddable":true,"href":"https:\/\/turnuvaligi.com\/JWCA\/wp-json\/wp\/v2\/comments?post=736"}],"version-history":[{"count":22,"href":"https:\/\/turnuvaligi.com\/JWCA\/wp-json\/wp\/v2\/pages\/736\/revisions"}],"predecessor-version":[{"id":869,"href":"https:\/\/turnuvaligi.com\/JWCA\/wp-json\/wp\/v2\/pages\/736\/revisions\/869"}],"wp:attachment":[{"href":"https:\/\/turnuvaligi.com\/JWCA\/wp-json\/wp\/v2\/media?parent=736"}],"curies":[{"name":"wp","href":"https:\/\/api.w.org\/{rel}","templated":true}]}}