{"id":639,"date":"2025-04-11T16:29:07","date_gmt":"2025-04-11T13:29:07","guid":{"rendered":"https:\/\/turnuvaligi.com\/JWCA\/?page_id=639"},"modified":"2025-04-11T19:14:36","modified_gmt":"2025-04-11T16:14:36","slug":"s-s-s","status":"publish","type":"page","link":"https:\/\/turnuvaligi.com\/JWCA\/s-s-s\/","title":{"rendered":"S.S.S"},"content":{"rendered":"\t\t<div data-elementor-type=\"wp-page\" data-elementor-id=\"639\" class=\"elementor elementor-639\" data-elementor-post-type=\"page\">\n\t\t\t\t<div class=\"elementor-element elementor-element-01c97fd e-flex e-con-boxed e-con e-parent\" data-id=\"01c97fd\" data-element_type=\"container\" data-settings=\"{&quot;background_background&quot;:&quot;classic&quot;}\">\n\t\t\t\t\t<div class=\"e-con-inner\">\n\t\t\t\t<div class=\"elementor-element elementor-element-498cfa5 elementor-widget elementor-widget-heading\" data-id=\"498cfa5\" data-element_type=\"widget\" data-widget_type=\"heading.default\">\n\t\t\t\t<div class=\"elementor-widget-container\">\n\t\t\t\t\t<h2 class=\"elementor-heading-title elementor-size-default\">SIK\u00c7A SORULAN SORULAR<\/h2>\t\t\t\t<\/div>\n\t\t\t\t<\/div>\n\t\t\t\t<div class=\"elementor-element elementor-element-517a7a3 elementor-widget elementor-widget-n-accordion\" data-id=\"517a7a3\" data-element_type=\"widget\" data-settings=\"{&quot;default_state&quot;:&quot;expanded&quot;,&quot;max_items_expended&quot;:&quot;one&quot;,&quot;n_accordion_animation_duration&quot;:{&quot;unit&quot;:&quot;ms&quot;,&quot;size&quot;:400,&quot;sizes&quot;:[]}}\" data-widget_type=\"nested-accordion.default\">\n\t\t\t\t<div class=\"elementor-widget-container\">\n\t\t\t\t\t\t\t<div class=\"e-n-accordion\" aria-label=\"Accordion. Open links with Enter or Space, close with Escape, and navigate with Arrow Keys\">\n\t\t\t\t\t\t<details id=\"e-n-accordion-item-8540\" class=\"e-n-accordion-item\" open>\n\t\t\t\t<summary class=\"e-n-accordion-item-title\" data-accordion-index=\"1\" tabindex=\"0\" aria-expanded=\"true\" aria-controls=\"e-n-accordion-item-8540\" >\n\t\t\t\t\t<span class='e-n-accordion-item-title-header'><div class=\"e-n-accordion-item-title-text\"> Turnuva ne zaman ve nerede ger\u00e7ekle\u015fecek? <\/div><\/span>\n\t\t\t\t\t\t\t<span class='e-n-accordion-item-title-icon'>\n\t\t\t<span class='e-opened' ><svg aria-hidden=\"true\" class=\"e-font-icon-svg e-fas-minus\" viewBox=\"0 0 448 512\" xmlns=\"http:\/\/www.w3.org\/2000\/svg\"><path d=\"M416 208H32c-17.67 0-32 14.33-32 32v32c0 17.67 14.33 32 32 32h384c17.67 0 32-14.33 32-32v-32c0-17.67-14.33-32-32-32z\"><\/path><\/svg><\/span>\n\t\t\t<span class='e-closed'><svg aria-hidden=\"true\" class=\"e-font-icon-svg e-fas-plus\" viewBox=\"0 0 448 512\" xmlns=\"http:\/\/www.w3.org\/2000\/svg\"><path d=\"M416 208H272V64c0-17.67-14.33-32-32-32h-32c-17.67 0-32 14.33-32 32v144H32c-17.67 0-32 14.33-32 32v32c0 17.67 14.33 32 32 32h144v144c0 17.67 14.33 32 32 32h32c17.67 0 32-14.33 32-32V304h144c17.67 0 32-14.33 32-32v-32c0-17.67-14.33-32-32-32z\"><\/path><\/svg><\/span>\n\t\t<\/span>\n\n\t\t\t\t\t\t<\/summary>\n\t\t\t\t<div role=\"region\" aria-labelledby=\"e-n-accordion-item-8540\" class=\"elementor-element elementor-element-3adabaa e-con-full e-flex e-con e-child\" data-id=\"3adabaa\" data-element_type=\"container\">\n\t\t\t\t<div class=\"elementor-element elementor-element-deda9b1 elementor-widget elementor-widget-text-editor\" data-id=\"deda9b1\" data-element_type=\"widget\" data-widget_type=\"text-editor.default\">\n\t\t\t\t<div class=\"elementor-widget-container\">\n\t\t\t\t\t\t\t\t\t<p>JWCA 2025, 16-20 Nisan 2025 tarihleri aras\u0131nda Antalya&#8217;da d\u00fczenlenmektedir. Turnuvadaki her ma\u00e7\u0131n oynanaca\u011f\u0131 stadyum ve saha bilgileri, fikst\u00fcr sayfas\u0131nda a\u00e7\u0131k\u00e7a belirtilmi\u015ftir. Ayr\u0131ca her ma\u00e7 i\u00e7in tarih ve saat bilgileri de detayl\u0131 olarak yer almaktad\u0131r. \u0130zleyiciler bu bilgiler sayesinde ma\u00e7lar\u0131n tam olarak nerede ve ne zaman oynanaca\u011f\u0131n\u0131 \u00f6nceden g\u00f6rebilir.<\/p>\t\t\t\t\t\t\t\t<\/div>\n\t\t\t\t<\/div>\n\t\t\t\t<\/div>\n\t\t\t\t\t<\/details>\n\t\t\t\t\t\t<details id=\"e-n-accordion-item-8541\" class=\"e-n-accordion-item\" >\n\t\t\t\t<summary class=\"e-n-accordion-item-title\" data-accordion-index=\"2\" tabindex=\"-1\" aria-expanded=\"false\" aria-controls=\"e-n-accordion-item-8541\" >\n\t\t\t\t\t<span class='e-n-accordion-item-title-header'><div class=\"e-n-accordion-item-title-text\"> Ma\u00e7\u0131n oynanaca\u011f\u0131 yere nas\u0131l giderim? <\/div><\/span>\n\t\t\t\t\t\t\t<span class='e-n-accordion-item-title-icon'>\n\t\t\t<span class='e-opened' ><svg aria-hidden=\"true\" class=\"e-font-icon-svg e-fas-minus\" viewBox=\"0 0 448 512\" xmlns=\"http:\/\/www.w3.org\/2000\/svg\"><path d=\"M416 208H32c-17.67 0-32 14.33-32 32v32c0 17.67 14.33 32 32 32h384c17.67 0 32-14.33 32-32v-32c0-17.67-14.33-32-32-32z\"><\/path><\/svg><\/span>\n\t\t\t<span class='e-closed'><svg aria-hidden=\"true\" class=\"e-font-icon-svg e-fas-plus\" viewBox=\"0 0 448 512\" xmlns=\"http:\/\/www.w3.org\/2000\/svg\"><path d=\"M416 208H272V64c0-17.67-14.33-32-32-32h-32c-17.67 0-32 14.33-32 32v144H32c-17.67 0-32 14.33-32 32v32c0 17.67 14.33 32 32 32h144v144c0 17.67 14.33 32 32 32h32c17.67 0 32-14.33 32-32V304h144c17.67 0 32-14.33 32-32v-32c0-17.67-14.33-32-32-32z\"><\/path><\/svg><\/span>\n\t\t<\/span>\n\n\t\t\t\t\t\t<\/summary>\n\t\t\t\t<div role=\"region\" aria-labelledby=\"e-n-accordion-item-8541\" class=\"elementor-element elementor-element-187ca6c e-con-full e-flex e-con e-child\" data-id=\"187ca6c\" data-element_type=\"container\">\n\t\t\t\t<div class=\"elementor-element elementor-element-fb84692 elementor-widget elementor-widget-text-editor\" data-id=\"fb84692\" data-element_type=\"widget\" data-widget_type=\"text-editor.default\">\n\t\t\t\t<div class=\"elementor-widget-container\">\n\t\t\t\t\t\t\t\t\t<p class=\"\" data-start=\"254\" data-end=\"445\">Her ma\u00e7\u0131n oynanaca\u011f\u0131 stadyum ve saha bilgileri, fikst\u00fcr sayfas\u0131nda yer almaktad\u0131r. Ma\u00e7 tarihini ve saatini \u00f6\u011frenmekle birlikte, hangi stadyum ve sahada oynanaca\u011f\u0131n\u0131 da buradan g\u00f6rebilirsiniz.<\/p><p class=\"\" data-start=\"447\" data-end=\"574\">E\u011fer yol tarifi veya konum bilgisi almak isterseniz, t\u00fcm stadyum ve saha adreslerinin listelendi\u011fi sayfam\u0131za g\u00f6z atabilirsiniz:<\/p><p class=\"\" data-start=\"576\" data-end=\"680\">\ud83d\udc49 <a href=\"https:\/\/turnuvaligi.com\/JWCA\/stadyumlar\" target=\"_new\" rel=\"noopener\" data-start=\"579\" data-end=\"641\">Stadyum ve Saha Adresleri<\/a><\/p><p class=\"\" data-start=\"682\" data-end=\"782\">Bu sayfadan konum bilgilerini harita uygulamalar\u0131yla payla\u015fabilir, kolayca ula\u015f\u0131m sa\u011flayabilirsiniz.<\/p>\t\t\t\t\t\t\t\t<\/div>\n\t\t\t\t<\/div>\n\t\t\t\t<\/div>\n\t\t\t\t\t<\/details>\n\t\t\t\t\t\t<details id=\"e-n-accordion-item-8542\" class=\"e-n-accordion-item\" >\n\t\t\t\t<summary class=\"e-n-accordion-item-title\" data-accordion-index=\"3\" tabindex=\"-1\" aria-expanded=\"false\" aria-controls=\"e-n-accordion-item-8542\" >\n\t\t\t\t\t<span class='e-n-accordion-item-title-header'><div class=\"e-n-accordion-item-title-text\"> Konaklama ve ula\u015f\u0131m nas\u0131l sa\u011flan\u0131yor? <\/div><\/span>\n\t\t\t\t\t\t\t<span class='e-n-accordion-item-title-icon'>\n\t\t\t<span class='e-opened' ><svg aria-hidden=\"true\" class=\"e-font-icon-svg e-fas-minus\" viewBox=\"0 0 448 512\" xmlns=\"http:\/\/www.w3.org\/2000\/svg\"><path d=\"M416 208H32c-17.67 0-32 14.33-32 32v32c0 17.67 14.33 32 32 32h384c17.67 0 32-14.33 32-32v-32c0-17.67-14.33-32-32-32z\"><\/path><\/svg><\/span>\n\t\t\t<span class='e-closed'><svg aria-hidden=\"true\" class=\"e-font-icon-svg e-fas-plus\" viewBox=\"0 0 448 512\" xmlns=\"http:\/\/www.w3.org\/2000\/svg\"><path d=\"M416 208H272V64c0-17.67-14.33-32-32-32h-32c-17.67 0-32 14.33-32 32v144H32c-17.67 0-32 14.33-32 32v32c0 17.67 14.33 32 32 32h144v144c0 17.67 14.33 32 32 32h32c17.67 0 32-14.33 32-32V304h144c17.67 0 32-14.33 32-32v-32c0-17.67-14.33-32-32-32z\"><\/path><\/svg><\/span>\n\t\t<\/span>\n\n\t\t\t\t\t\t<\/summary>\n\t\t\t\t<div role=\"region\" aria-labelledby=\"e-n-accordion-item-8542\" class=\"elementor-element elementor-element-3477b96 e-con-full e-flex e-con e-child\" data-id=\"3477b96\" data-element_type=\"container\">\n\t\t\t\t<div class=\"elementor-element elementor-element-37f05b2 elementor-widget elementor-widget-text-editor\" data-id=\"37f05b2\" data-element_type=\"widget\" data-widget_type=\"text-editor.default\">\n\t\t\t\t<div class=\"elementor-widget-container\">\n\t\t\t\t\t\t\t\t\t<p>Kat\u0131l\u0131mc\u0131 tak\u0131mlar i\u00e7in \u00e7e\u015fitli otel se\u00e7enekleri sunulmaktad\u0131r. Antalya Havaliman\u0131 ile otel ve ma\u00e7 sahalar\u0131 aras\u0131nda transfer hizmeti sa\u011flan\u0131r.<\/p>\t\t\t\t\t\t\t\t<\/div>\n\t\t\t\t<\/div>\n\t\t\t\t<\/div>\n\t\t\t\t\t<\/details>\n\t\t\t\t\t\t<details id=\"e-n-accordion-item-8543\" class=\"e-n-accordion-item\" >\n\t\t\t\t<summary class=\"e-n-accordion-item-title\" data-accordion-index=\"4\" tabindex=\"-1\" aria-expanded=\"false\" aria-controls=\"e-n-accordion-item-8543\" >\n\t\t\t\t\t<span class='e-n-accordion-item-title-header'><div class=\"e-n-accordion-item-title-text\"> Turnuvada \u00f6d\u00fcller veriliyor mu? <\/div><\/span>\n\t\t\t\t\t\t\t<span class='e-n-accordion-item-title-icon'>\n\t\t\t<span class='e-opened' ><svg aria-hidden=\"true\" class=\"e-font-icon-svg e-fas-minus\" viewBox=\"0 0 448 512\" xmlns=\"http:\/\/www.w3.org\/2000\/svg\"><path d=\"M416 208H32c-17.67 0-32 14.33-32 32v32c0 17.67 14.33 32 32 32h384c17.67 0 32-14.33 32-32v-32c0-17.67-14.33-32-32-32z\"><\/path><\/svg><\/span>\n\t\t\t<span class='e-closed'><svg aria-hidden=\"true\" class=\"e-font-icon-svg e-fas-plus\" viewBox=\"0 0 448 512\" xmlns=\"http:\/\/www.w3.org\/2000\/svg\"><path d=\"M416 208H272V64c0-17.67-14.33-32-32-32h-32c-17.67 0-32 14.33-32 32v144H32c-17.67 0-32 14.33-32 32v32c0 17.67 14.33 32 32 32h144v144c0 17.67 14.33 32 32 32h32c17.67 0 32-14.33 32-32V304h144c17.67 0 32-14.33 32-32v-32c0-17.67-14.33-32-32-32z\"><\/path><\/svg><\/span>\n\t\t<\/span>\n\n\t\t\t\t\t\t<\/summary>\n\t\t\t\t<div role=\"region\" aria-labelledby=\"e-n-accordion-item-8543\" class=\"elementor-element elementor-element-2936965 e-con-full e-flex e-con e-child\" data-id=\"2936965\" data-element_type=\"container\">\n\t\t\t\t<div class=\"elementor-element elementor-element-bbaf3bf elementor-widget elementor-widget-text-editor\" data-id=\"bbaf3bf\" data-element_type=\"widget\" data-widget_type=\"text-editor.default\">\n\t\t\t\t<div class=\"elementor-widget-container\">\n\t\t\t\t\t\t\t\t\t<p>Evet. \u015eampiyonluk kupalar\u0131n\u0131n yan\u0131 s\u0131ra en iyi oyuncu, en iyi kaleci ve fair-play \u00f6d\u00fclleri verilmektedir. Ayr\u0131ca turnuvaya kat\u0131lan t\u00fcm oyunculara \u00f6zel kat\u0131l\u0131m sertifikalar\u0131 verilir.<\/p>\t\t\t\t\t\t\t\t<\/div>\n\t\t\t\t<\/div>\n\t\t\t\t<\/div>\n\t\t\t\t\t<\/details>\n\t\t\t\t\t\t<details id=\"e-n-accordion-item-8544\" class=\"e-n-accordion-item\" >\n\t\t\t\t<summary class=\"e-n-accordion-item-title\" data-accordion-index=\"5\" tabindex=\"-1\" aria-expanded=\"false\" aria-controls=\"e-n-accordion-item-8544\" >\n\t\t\t\t\t<span class='e-n-accordion-item-title-header'><div class=\"e-n-accordion-item-title-text\"> JWCA turnuva sistemi nas\u0131l i\u015fliyor? <\/div><\/span>\n\t\t\t\t\t\t\t<span class='e-n-accordion-item-title-icon'>\n\t\t\t<span class='e-opened' ><svg aria-hidden=\"true\" class=\"e-font-icon-svg e-fas-minus\" viewBox=\"0 0 448 512\" xmlns=\"http:\/\/www.w3.org\/2000\/svg\"><path d=\"M416 208H32c-17.67 0-32 14.33-32 32v32c0 17.67 14.33 32 32 32h384c17.67 0 32-14.33 32-32v-32c0-17.67-14.33-32-32-32z\"><\/path><\/svg><\/span>\n\t\t\t<span class='e-closed'><svg aria-hidden=\"true\" class=\"e-font-icon-svg e-fas-plus\" viewBox=\"0 0 448 512\" xmlns=\"http:\/\/www.w3.org\/2000\/svg\"><path d=\"M416 208H272V64c0-17.67-14.33-32-32-32h-32c-17.67 0-32 14.33-32 32v144H32c-17.67 0-32 14.33-32 32v32c0 17.67 14.33 32 32 32h144v144c0 17.67 14.33 32 32 32h32c17.67 0 32-14.33 32-32V304h144c17.67 0 32-14.33 32-32v-32c0-17.67-14.33-32-32-32z\"><\/path><\/svg><\/span>\n\t\t<\/span>\n\n\t\t\t\t\t\t<\/summary>\n\t\t\t\t<div role=\"region\" aria-labelledby=\"e-n-accordion-item-8544\" class=\"elementor-element elementor-element-247120e e-con-full e-flex e-con e-child\" data-id=\"247120e\" data-element_type=\"container\">\n\t\t\t\t<div class=\"elementor-element elementor-element-d4f84d2 elementor-widget elementor-widget-text-editor\" data-id=\"d4f84d2\" data-element_type=\"widget\" data-widget_type=\"text-editor.default\">\n\t\t\t\t<div class=\"elementor-widget-container\">\n\t\t\t\t\t\t\t\t\t<p>T\u00fcm turnuva fikst\u00fcrleri, ma\u00e7 sonu\u00e7lar\u0131, puan durumlar\u0131 ve e\u015fle\u015fmeler <a href=\"https:\/\/turnuvaligi.com\">Turnuvaligi<\/a> sistemi \u00fczerinden y\u00f6netilmektedir. Bu sistem web tabanl\u0131d\u0131r ve hem turnuva y\u00f6neticileri hem de izleyiciler i\u00e7in kullan\u0131c\u0131 dostu bir yap\u0131ya sahiptir. Takip\u00e7iler ma\u00e7lar\u0131 canl\u0131 olarak takip edebilir, ge\u00e7mi\u015f ma\u00e7lara g\u00f6z atabilir ve tak\u0131m istatistiklerini g\u00f6r\u00fcnt\u00fcleyebilir.<\/p>\t\t\t\t\t\t\t\t<\/div>\n\t\t\t\t<\/div>\n\t\t\t\t<\/div>\n\t\t\t\t\t<\/details>\n\t\t\t\t\t\t<details id=\"e-n-accordion-item-8545\" class=\"e-n-accordion-item\" >\n\t\t\t\t<summary class=\"e-n-accordion-item-title\" data-accordion-index=\"6\" tabindex=\"-1\" aria-expanded=\"false\" aria-controls=\"e-n-accordion-item-8545\" >\n\t\t\t\t\t<span class='e-n-accordion-item-title-header'><div class=\"e-n-accordion-item-title-text\"> Medya ve yay\u0131n hizmetleri sa\u011flan\u0131yor mu? <\/div><\/span>\n\t\t\t\t\t\t\t<span class='e-n-accordion-item-title-icon'>\n\t\t\t<span class='e-opened' ><svg aria-hidden=\"true\" class=\"e-font-icon-svg e-fas-minus\" viewBox=\"0 0 448 512\" xmlns=\"http:\/\/www.w3.org\/2000\/svg\"><path d=\"M416 208H32c-17.67 0-32 14.33-32 32v32c0 17.67 14.33 32 32 32h384c17.67 0 32-14.33 32-32v-32c0-17.67-14.33-32-32-32z\"><\/path><\/svg><\/span>\n\t\t\t<span class='e-closed'><svg aria-hidden=\"true\" class=\"e-font-icon-svg e-fas-plus\" viewBox=\"0 0 448 512\" xmlns=\"http:\/\/www.w3.org\/2000\/svg\"><path d=\"M416 208H272V64c0-17.67-14.33-32-32-32h-32c-17.67 0-32 14.33-32 32v144H32c-17.67 0-32 14.33-32 32v32c0 17.67 14.33 32 32 32h144v144c0 17.67 14.33 32 32 32h32c17.67 0 32-14.33 32-32V304h144c17.67 0 32-14.33 32-32v-32c0-17.67-14.33-32-32-32z\"><\/path><\/svg><\/span>\n\t\t<\/span>\n\n\t\t\t\t\t\t<\/summary>\n\t\t\t\t<div role=\"region\" aria-labelledby=\"e-n-accordion-item-8545\" class=\"elementor-element elementor-element-eed5e93 e-con-full e-flex e-con e-child\" data-id=\"eed5e93\" data-element_type=\"container\">\n\t\t\t\t<div class=\"elementor-element elementor-element-2c5f715 elementor-widget elementor-widget-text-editor\" data-id=\"2c5f715\" data-element_type=\"widget\" data-widget_type=\"text-editor.default\">\n\t\t\t\t<div class=\"elementor-widget-container\">\n\t\t\t\t\t\t\t\t\tBaz\u0131 kar\u015f\u0131la\u015fmalar profesyonel \u015fekilde kay\u0131t alt\u0131na al\u0131nmakta ve yay\u0131nlanmaktad\u0131r. Ayr\u0131ca turnuva boyunca profesyonel foto\u011fraf ve video \u00e7ekimleri yap\u0131lmaktad\u0131r.\n\n\t\t\t\t\t\t\t\t<\/div>\n\t\t\t\t<\/div>\n\t\t\t\t<\/div>\n\t\t\t\t\t<\/details>\n\t\t\t\t\t\t<details id=\"e-n-accordion-item-8546\" class=\"e-n-accordion-item\" >\n\t\t\t\t<summary class=\"e-n-accordion-item-title\" data-accordion-index=\"7\" tabindex=\"-1\" aria-expanded=\"false\" aria-controls=\"e-n-accordion-item-8546\" >\n\t\t\t\t\t<span class='e-n-accordion-item-title-header'><div class=\"e-n-accordion-item-title-text\"> \u0130leti\u015fim bilgilerine nas\u0131l ula\u015fabilirim? <\/div><\/span>\n\t\t\t\t\t\t\t<span class='e-n-accordion-item-title-icon'>\n\t\t\t<span class='e-opened' ><svg aria-hidden=\"true\" class=\"e-font-icon-svg e-fas-minus\" viewBox=\"0 0 448 512\" xmlns=\"http:\/\/www.w3.org\/2000\/svg\"><path d=\"M416 208H32c-17.67 0-32 14.33-32 32v32c0 17.67 14.33 32 32 32h384c17.67 0 32-14.33 32-32v-32c0-17.67-14.33-32-32-32z\"><\/path><\/svg><\/span>\n\t\t\t<span class='e-closed'><svg aria-hidden=\"true\" class=\"e-font-icon-svg e-fas-plus\" viewBox=\"0 0 448 512\" xmlns=\"http:\/\/www.w3.org\/2000\/svg\"><path d=\"M416 208H272V64c0-17.67-14.33-32-32-32h-32c-17.67 0-32 14.33-32 32v144H32c-17.67 0-32 14.33-32 32v32c0 17.67 14.33 32 32 32h144v144c0 17.67 14.33 32 32 32h32c17.67 0 32-14.33 32-32V304h144c17.67 0 32-14.33 32-32v-32c0-17.67-14.33-32-32-32z\"><\/path><\/svg><\/span>\n\t\t<\/span>\n\n\t\t\t\t\t\t<\/summary>\n\t\t\t\t<div role=\"region\" aria-labelledby=\"e-n-accordion-item-8546\" class=\"elementor-element elementor-element-9c3eda8 e-con-full e-flex e-con e-child\" data-id=\"9c3eda8\" data-element_type=\"container\">\n\t\t\t\t<div class=\"elementor-element elementor-element-09ff652 elementor-widget elementor-widget-text-editor\" data-id=\"09ff652\" data-element_type=\"widget\" data-widget_type=\"text-editor.default\">\n\t\t\t\t<div class=\"elementor-widget-container\">\n\t\t\t\t\t\t\t\t\t<p>Turnuva hakk\u0131nda detayl\u0131 bilgi almak i\u00e7in organizasyon ekibiyle e-posta veya telefon yoluyla ileti\u015fime ge\u00e7ebilirsiniz.<\/p><p>\ud83d\udc49 <strong><a href=\"http:\/\/juniorworldcupantalya.com\/iletisim\/\">\u0130leti\u015fim<\/a><\/strong><\/p>\t\t\t\t\t\t\t\t<\/div>\n\t\t\t\t<\/div>\n\t\t\t\t<\/div>\n\t\t\t\t\t<\/details>\n\t\t\t\t\t<\/div>\n\t\t\t\t\t\t<\/div>\n\t\t\t\t<\/div>\n\t\t\t\t\t<\/div>\n\t\t\t\t<\/div>\n\t\t\t\t<\/div>\n\t\t","protected":false},"excerpt":{"rendered":"<p>SIK\u00c7A SORULAN SORULAR Turnuva ne zaman ve nerede ger\u00e7ekle\u015fecek? JWCA 2025, 16-20 Nisan 2025 tarihleri aras\u0131nda Antalya&#8217;da d\u00fczenlenmektedir. Turnuvadaki her ma\u00e7\u0131n oynanaca\u011f\u0131 stadyum ve saha bilgileri, fikst\u00fcr sayfas\u0131nda a\u00e7\u0131k\u00e7a belirtilmi\u015ftir. Ayr\u0131ca her ma\u00e7 i\u00e7in tarih ve saat bilgileri de detayl\u0131 olarak yer almaktad\u0131r. \u0130zleyiciler bu bilgiler sayesinde ma\u00e7lar\u0131n tam olarak nerede ve ne zaman oynanaca\u011f\u0131n\u0131 [&hellip;]<\/p>\n","protected":false},"author":1,"featured_media":0,"parent":0,"menu_order":0,"comment_status":"closed","ping_status":"closed","template":"elementor_header_footer","meta":{"footnotes":""},"class_list":["post-639","page","type-page","status-publish","hentry"],"_links":{"self":[{"href":"https:\/\/turnuvaligi.com\/JWCA\/wp-json\/wp\/v2\/pages\/639","targetHints":{"allow":["GET"]}}],"collection":[{"href":"https:\/\/turnuvaligi.com\/JWCA\/wp-json\/wp\/v2\/pages"}],"about":[{"href":"https:\/\/turnuvaligi.com\/JWCA\/wp-json\/wp\/v2\/types\/page"}],"author":[{"embeddable":true,"href":"https:\/\/turnuvaligi.com\/JWCA\/wp-json\/wp\/v2\/users\/1"}],"replies":[{"embeddable":true,"href":"https:\/\/turnuvaligi.com\/JWCA\/wp-json\/wp\/v2\/comments?post=639"}],"version-history":[{"count":22,"href":"https:\/\/turnuvaligi.com\/JWCA\/wp-json\/wp\/v2\/pages\/639\/revisions"}],"predecessor-version":[{"id":783,"href":"https:\/\/turnuvaligi.com\/JWCA\/wp-json\/wp\/v2\/pages\/639\/revisions\/783"}],"wp:attachment":[{"href":"https:\/\/turnuvaligi.com\/JWCA\/wp-json\/wp\/v2\/media?parent=639"}],"curies":[{"name":"wp","href":"https:\/\/api.w.org\/{rel}","templated":true}]}}