{"id":510,"date":"2025-04-11T14:10:43","date_gmt":"2025-04-11T11:10:43","guid":{"rendered":"https:\/\/turnuvaligi.com\/JWCA\/?page_id=510"},"modified":"2025-04-15T16:43:26","modified_gmt":"2025-04-15T13:43:26","slug":"ana-sayfa","status":"publish","type":"page","link":"https:\/\/turnuvaligi.com\/JWCA\/","title":{"rendered":"Junior World Cup Antalya 2025"},"content":{"rendered":"\t\t<div data-elementor-type=\"wp-page\" data-elementor-id=\"510\" class=\"elementor elementor-510\" data-elementor-post-type=\"page\">\n\t\t\t\t<div class=\"elementor-element elementor-element-f9f1f87 e-flex e-con-boxed e-con e-parent\" data-id=\"f9f1f87\" data-element_type=\"container\" data-settings=\"{&quot;background_background&quot;:&quot;gradient&quot;}\">\n\t\t\t\t\t<div class=\"e-con-inner\">\n\t\t<div class=\"elementor-element elementor-element-1442eed e-con-full e-flex e-con e-child\" data-id=\"1442eed\" data-element_type=\"container\">\n\t\t<div class=\"elementor-element elementor-element-84bec05 e-con-full e-flex e-con e-child\" data-id=\"84bec05\" data-element_type=\"container\">\n\t\t\t\t<div class=\"elementor-element elementor-element-ced4d63 elementor-widget elementor-widget-heading\" data-id=\"ced4d63\" data-element_type=\"widget\" data-widget_type=\"heading.default\">\n\t\t\t\t<div class=\"elementor-widget-container\">\n\t\t\t\t\t<h2 class=\"elementor-heading-title elementor-size-default\">JWCA 2025<\/h2>\t\t\t\t<\/div>\n\t\t\t\t<\/div>\n\t\t\t\t<div class=\"elementor-element elementor-element-40ac5a8 elementor-widget elementor-widget-heading\" data-id=\"40ac5a8\" data-element_type=\"widget\" data-widget_type=\"heading.default\">\n\t\t\t\t<div class=\"elementor-widget-container\">\n\t\t\t\t\t<h2 class=\"elementor-heading-title elementor-size-default\">FUTBOL<span style=\"font-weight:100\">TURNUVASI<\/span><\/h2>\t\t\t\t<\/div>\n\t\t\t\t<\/div>\n\t\t\t\t<div class=\"elementor-element elementor-element-4c23b2a elementor-widget elementor-widget-spacer\" data-id=\"4c23b2a\" data-element_type=\"widget\" data-widget_type=\"spacer.default\">\n\t\t\t\t<div class=\"elementor-widget-container\">\n\t\t\t\t\t\t\t<div class=\"elementor-spacer\">\n\t\t\t<div class=\"elementor-spacer-inner\"><\/div>\n\t\t<\/div>\n\t\t\t\t\t\t<\/div>\n\t\t\t\t<\/div>\n\t\t\t\t<div class=\"elementor-element elementor-element-1d61cf0 elementor-widget elementor-widget-text-editor\" data-id=\"1d61cf0\" data-element_type=\"widget\" data-widget_type=\"text-editor.default\">\n\t\t\t\t<div class=\"elementor-widget-container\">\n\t\t\t\t\t\t\t\t\t<p>JWCA 2025, d\u00fcnyan\u0131n d\u00f6rt bir yan\u0131ndan gelen gen\u00e7 futbol yeteneklerini Antalya\u2019da bir araya getiriyor. 2009-2015 do\u011fumlu oyuncular\u0131n yer ald\u0131\u011f\u0131 bu prestijli turnuva; dostluk, rekabet ve futbol tutkusu etraf\u0131nda \u015fekillenen unutulmaz bir organizasyon sunuyor.<\/p><p>Kar\u015f\u0131la\u015fmalar, profesyonel sahalarda oynanmakta ve t\u00fcm s\u00fcre\u00e7 Turnuvaligi altyap\u0131s\u0131 \u00fczerinden dijital olarak takip edilebilmektedir. Canl\u0131 skorlar, fikst\u00fcrler, istatistikler ve daha fazlas\u0131, izleyiciler ve tak\u0131mlar i\u00e7in \u015feffaf ve anl\u0131k eri\u015filebilir \u015fekilde sunulmaktad\u0131r.<\/p><p>Hem ulusal hem de uluslararas\u0131 kul\u00fcplerin kat\u0131ld\u0131\u011f\u0131 bu organizasyon, gen\u00e7 sporculara hem vitrinde yer alma hem de k\u00fclt\u00fcrler aras\u0131 etkile\u015fim f\u0131rsat\u0131 sa\u011flamaktad\u0131r.<\/p>\t\t\t\t\t\t\t\t<\/div>\n\t\t\t\t<\/div>\n\t\t\t\t<div class=\"elementor-element elementor-element-26dd307 elementor-widget elementor-widget-spacer\" data-id=\"26dd307\" data-element_type=\"widget\" data-widget_type=\"spacer.default\">\n\t\t\t\t<div class=\"elementor-widget-container\">\n\t\t\t\t\t\t\t<div class=\"elementor-spacer\">\n\t\t\t<div class=\"elementor-spacer-inner\"><\/div>\n\t\t<\/div>\n\t\t\t\t\t\t<\/div>\n\t\t\t\t<\/div>\n\t\t<div class=\"elementor-element elementor-element-495e8ae e-con-full e-flex e-con e-child\" data-id=\"495e8ae\" data-element_type=\"container\">\n\t\t\t\t<div class=\"elementor-element elementor-element-ca9e5d4 elementor-widget elementor-widget-button\" data-id=\"ca9e5d4\" data-element_type=\"widget\" data-widget_type=\"button.default\">\n\t\t\t\t<div class=\"elementor-widget-container\">\n\t\t\t\t\t\t\t\t\t<div class=\"elementor-button-wrapper\">\n\t\t\t\t\t<a class=\"elementor-button elementor-button-link elementor-size-sm\" href=\"https:\/\/turnuvaligi.com\/JWCA\/stadyumlar\">\n\t\t\t\t\t\t<span class=\"elementor-button-content-wrapper\">\n\t\t\t\t\t\t\t\t\t<span class=\"elementor-button-text\">Stadyumlar<\/span>\n\t\t\t\t\t<\/span>\n\t\t\t\t\t<\/a>\n\t\t\t\t<\/div>\n\t\t\t\t\t\t\t\t<\/div>\n\t\t\t\t<\/div>\n\t\t\t\t<div class=\"elementor-element elementor-element-d1a137b elementor-widget elementor-widget-button\" data-id=\"d1a137b\" data-element_type=\"widget\" data-widget_type=\"button.default\">\n\t\t\t\t<div class=\"elementor-widget-container\">\n\t\t\t\t\t\t\t\t\t<div class=\"elementor-button-wrapper\">\n\t\t\t\t\t<a class=\"elementor-button elementor-button-link elementor-size-sm\" href=\"https:\/\/turnuvaligi.com\/JWCA\/s-s-s\">\n\t\t\t\t\t\t<span class=\"elementor-button-content-wrapper\">\n\t\t\t\t\t\t\t\t\t<span class=\"elementor-button-text\">S.S.S<\/span>\n\t\t\t\t\t<\/span>\n\t\t\t\t\t<\/a>\n\t\t\t\t<\/div>\n\t\t\t\t\t\t\t\t<\/div>\n\t\t\t\t<\/div>\n\t\t\t\t<\/div>\n\t\t\t\t<\/div>\n\t\t<div class=\"elementor-element elementor-element-5313343 e-con-full e-flex e-con e-child\" data-id=\"5313343\" data-element_type=\"container\" data-settings=\"{&quot;background_background&quot;:&quot;gradient&quot;}\">\n\t\t\t\t<div class=\"elementor-element elementor-element-4bef2c8 elementor-widget elementor-widget-heading\" data-id=\"4bef2c8\" data-element_type=\"widget\" data-widget_type=\"heading.default\">\n\t\t\t\t<div class=\"elementor-widget-container\">\n\t\t\t\t\t<h2 class=\"elementor-heading-title elementor-size-default\">JWCA 2025 <\/h2>\t\t\t\t<\/div>\n\t\t\t\t<\/div>\n\t\t\t\t<div class=\"elementor-element elementor-element-1919420 elementor-widget-divider--view-line elementor-widget elementor-widget-divider\" data-id=\"1919420\" data-element_type=\"widget\" data-widget_type=\"divider.default\">\n\t\t\t\t<div class=\"elementor-widget-container\">\n\t\t\t\t\t\t\t<div class=\"elementor-divider\">\n\t\t\t<span class=\"elementor-divider-separator\">\n\t\t\t\t\t\t<\/span>\n\t\t<\/div>\n\t\t\t\t\t\t<\/div>\n\t\t\t\t<\/div>\n\t\t\t\t<div class=\"elementor-element elementor-element-4e5e1e3 elementor-widget elementor-widget-spacer\" data-id=\"4e5e1e3\" data-element_type=\"widget\" data-widget_type=\"spacer.default\">\n\t\t\t\t<div class=\"elementor-widget-container\">\n\t\t\t\t\t\t\t<div class=\"elementor-spacer\">\n\t\t\t<div class=\"elementor-spacer-inner\"><\/div>\n\t\t<\/div>\n\t\t\t\t\t\t<\/div>\n\t\t\t\t<\/div>\n\t\t<div class=\"elementor-element elementor-element-add459f e-con-full e-flex e-con e-child\" data-id=\"add459f\" data-element_type=\"container\">\n\t\t\t\t<div class=\"elementor-element elementor-element-f428422 elementor-align-justify elementor-widget elementor-widget-button\" data-id=\"f428422\" data-element_type=\"widget\" data-widget_type=\"button.default\">\n\t\t\t\t<div class=\"elementor-widget-container\">\n\t\t\t\t\t\t\t\t\t<div class=\"elementor-button-wrapper\">\n\t\t\t\t\t<a class=\"elementor-button elementor-button-link elementor-size-sm\" href=\"https:\/\/turnuvaligi.com\/JWCA\/jwca-2025-turnuvasi\/?turnuva=8\">\n\t\t\t\t\t\t<span class=\"elementor-button-content-wrapper\">\n\t\t\t\t\t\t\t\t\t<span class=\"elementor-button-text\">U9 Tak\u0131mlar\u0131<\/span>\n\t\t\t\t\t<\/span>\n\t\t\t\t\t<\/a>\n\t\t\t\t<\/div>\n\t\t\t\t\t\t\t\t<\/div>\n\t\t\t\t<\/div>\n\t\t\t\t<div class=\"elementor-element elementor-element-6cee2f3 elementor-align-justify elementor-widget elementor-widget-button\" data-id=\"6cee2f3\" data-element_type=\"widget\" data-widget_type=\"button.default\">\n\t\t\t\t<div class=\"elementor-widget-container\">\n\t\t\t\t\t\t\t\t\t<div class=\"elementor-button-wrapper\">\n\t\t\t\t\t<a class=\"elementor-button elementor-button-link elementor-size-sm\" href=\"https:\/\/turnuvaligi.com\/JWCA\/jwca-2025-turnuvasi\/?turnuva=9\">\n\t\t\t\t\t\t<span class=\"elementor-button-content-wrapper\">\n\t\t\t\t\t\t\t\t\t<span class=\"elementor-button-text\">U10 Tak\u0131mlar\u0131<\/span>\n\t\t\t\t\t<\/span>\n\t\t\t\t\t<\/a>\n\t\t\t\t<\/div>\n\t\t\t\t\t\t\t\t<\/div>\n\t\t\t\t<\/div>\n\t\t\t\t<div class=\"elementor-element elementor-element-11dd826 elementor-align-justify elementor-widget elementor-widget-button\" data-id=\"11dd826\" data-element_type=\"widget\" data-widget_type=\"button.default\">\n\t\t\t\t<div class=\"elementor-widget-container\">\n\t\t\t\t\t\t\t\t\t<div class=\"elementor-button-wrapper\">\n\t\t\t\t\t<a class=\"elementor-button elementor-button-link elementor-size-sm\" href=\"https:\/\/turnuvaligi.com\/JWCA\/jwca-2025-turnuvasi\/?turnuva=10\">\n\t\t\t\t\t\t<span class=\"elementor-button-content-wrapper\">\n\t\t\t\t\t\t\t\t\t<span class=\"elementor-button-text\">U11 Tak\u0131mlar\u0131<\/span>\n\t\t\t\t\t<\/span>\n\t\t\t\t\t<\/a>\n\t\t\t\t<\/div>\n\t\t\t\t\t\t\t\t<\/div>\n\t\t\t\t<\/div>\n\t\t\t\t<div class=\"elementor-element elementor-element-38855eb elementor-align-justify elementor-widget elementor-widget-button\" data-id=\"38855eb\" data-element_type=\"widget\" data-widget_type=\"button.default\">\n\t\t\t\t<div class=\"elementor-widget-container\">\n\t\t\t\t\t\t\t\t\t<div class=\"elementor-button-wrapper\">\n\t\t\t\t\t<a class=\"elementor-button elementor-button-link elementor-size-sm\" href=\"https:\/\/turnuvaligi.com\/JWCA\/jwca-2025-turnuvasi\/?turnuva=11\">\n\t\t\t\t\t\t<span class=\"elementor-button-content-wrapper\">\n\t\t\t\t\t\t\t\t\t<span class=\"elementor-button-text\">U12 Tak\u0131mlar\u0131<\/span>\n\t\t\t\t\t<\/span>\n\t\t\t\t\t<\/a>\n\t\t\t\t<\/div>\n\t\t\t\t\t\t\t\t<\/div>\n\t\t\t\t<\/div>\n\t\t\t\t<div class=\"elementor-element elementor-element-9d0a191 elementor-align-justify elementor-widget elementor-widget-button\" data-id=\"9d0a191\" data-element_type=\"widget\" data-widget_type=\"button.default\">\n\t\t\t\t<div class=\"elementor-widget-container\">\n\t\t\t\t\t\t\t\t\t<div class=\"elementor-button-wrapper\">\n\t\t\t\t\t<a class=\"elementor-button elementor-button-link elementor-size-sm\" href=\"https:\/\/turnuvaligi.com\/JWCA\/jwca-2025-turnuvasi\/?turnuva=12\">\n\t\t\t\t\t\t<span class=\"elementor-button-content-wrapper\">\n\t\t\t\t\t\t\t\t\t<span class=\"elementor-button-text\">U13 Tak\u0131mlar\u0131<\/span>\n\t\t\t\t\t<\/span>\n\t\t\t\t\t<\/a>\n\t\t\t\t<\/div>\n\t\t\t\t\t\t\t\t<\/div>\n\t\t\t\t<\/div>\n\t\t\t\t<div class=\"elementor-element elementor-element-3754a82 elementor-align-justify elementor-widget elementor-widget-button\" data-id=\"3754a82\" data-element_type=\"widget\" data-widget_type=\"button.default\">\n\t\t\t\t<div class=\"elementor-widget-container\">\n\t\t\t\t\t\t\t\t\t<div class=\"elementor-button-wrapper\">\n\t\t\t\t\t<a class=\"elementor-button elementor-button-link elementor-size-sm\" href=\"https:\/\/turnuvaligi.com\/JWCA\/jwca-2025-turnuvasi\/?turnuva=13\">\n\t\t\t\t\t\t<span class=\"elementor-button-content-wrapper\">\n\t\t\t\t\t\t\t\t\t<span class=\"elementor-button-text\">U14 Tak\u0131mlar\u0131<\/span>\n\t\t\t\t\t<\/span>\n\t\t\t\t\t<\/a>\n\t\t\t\t<\/div>\n\t\t\t\t\t\t\t\t<\/div>\n\t\t\t\t<\/div>\n\t\t\t\t<div class=\"elementor-element elementor-element-ca82137 elementor-align-justify elementor-widget elementor-widget-button\" data-id=\"ca82137\" data-element_type=\"widget\" data-widget_type=\"button.default\">\n\t\t\t\t<div class=\"elementor-widget-container\">\n\t\t\t\t\t\t\t\t\t<div class=\"elementor-button-wrapper\">\n\t\t\t\t\t<a class=\"elementor-button elementor-button-link elementor-size-sm\" href=\"https:\/\/turnuvaligi.com\/JWCA\/jwca-2025-turnuvasi\/?turnuva=14\">\n\t\t\t\t\t\t<span class=\"elementor-button-content-wrapper\">\n\t\t\t\t\t\t\t\t\t<span class=\"elementor-button-text\">U15 Tak\u0131mlar\u0131<\/span>\n\t\t\t\t\t<\/span>\n\t\t\t\t\t<\/a>\n\t\t\t\t<\/div>\n\t\t\t\t\t\t\t\t<\/div>\n\t\t\t\t<\/div>\n\t\t\t\t<\/div>\n\t\t\t\t<\/div>\n\t\t\t\t<\/div>\n\t\t<div class=\"elementor-element elementor-element-c5cfd88 e-con-full e-flex e-con e-child\" data-id=\"c5cfd88\" data-element_type=\"container\">\n\t\t\t\t<div class=\"elementor-element elementor-element-3c27a02 elementor-widget elementor-widget-html\" data-id=\"3c27a02\" data-element_type=\"widget\" data-widget_type=\"html.default\">\n\t\t\t\t<div class=\"elementor-widget-container\">\n\t\t\t\t\t<div class=\"marquee-slider\">\r\n  <div class=\"marquee-track\">\r\n    <!-- LOGOLAR: Bu blok 2 kez tekrarlanarak kesintisiz ge\u00e7i\u015f sa\u011flan\u0131yor -->\r\n    <div class=\"marquee-group\">\r\n      <img decoding=\"async\" src=\"https:\/\/turnuvaligi.com\/JWCA\/wp-content\/uploads\/2025\/04\/rich-hospital-.webp\" alt=\"\">\r\n      <img decoding=\"async\" src=\"https:\/\/turnuvaligi.com\/JWCA\/wp-content\/uploads\/2025\/04\/antalyabelediyesi.webp\" alt=\"\">\r\n      <img decoding=\"async\" src=\"https:\/\/turnuvaligi.com\/JWCA\/wp-content\/uploads\/2025\/04\/megasaray.webp\" alt=\"\">\r\n      <img decoding=\"async\" src=\"https:\/\/turnuvaligi.com\/JWCA\/wp-content\/uploads\/2025\/04\/papillon.webp\" alt=\"\">\r\n      <img decoding=\"async\" src=\"https:\/\/turnuvaligi.com\/JWCA\/wp-content\/uploads\/2025\/04\/skechers.webp\" alt=\"\">\r\n      <img decoding=\"async\" src=\"https:\/\/turnuvaligi.com\/JWCA\/wp-content\/uploads\/2025\/04\/pegas.webp\" alt=\"\">\r\n      <img decoding=\"async\" src=\"https:\/\/turnuvaligi.com\/JWCA\/wp-content\/uploads\/2025\/04\/cihan.webp\" alt=\"\">\r\n      <img decoding=\"async\" src=\"https:\/\/turnuvaligi.com\/JWCA\/wp-content\/uploads\/2025\/04\/moonline.webp\" alt=\"\">\r\n      <img decoding=\"async\" src=\"https:\/\/turnuvaligi.com\/JWCA\/wp-content\/uploads\/2025\/04\/susesi.webp\" alt=\"\">\r\n      <img decoding=\"async\" src=\"https:\/\/turnuvaligi.com\/JWCA\/wp-content\/uploads\/2025\/04\/calista.webp\" alt=\"\">\r\n    <\/div>\r\n    <div class=\"marquee-group\">\r\n      <!-- Ayn\u0131 logolar tekrar ediyor -->\r\n      <img decoding=\"async\" src=\"https:\/\/turnuvaligi.com\/JWCA\/wp-content\/uploads\/2025\/04\/rich-hospital-.webp\" alt=\"\">\r\n      <img decoding=\"async\" src=\"https:\/\/turnuvaligi.com\/JWCA\/wp-content\/uploads\/2025\/04\/antalyabelediyesi.webp\" alt=\"\">\r\n      <img decoding=\"async\" src=\"https:\/\/turnuvaligi.com\/JWCA\/wp-content\/uploads\/2025\/04\/megasaray.webp\" alt=\"\">\r\n      <img decoding=\"async\" src=\"https:\/\/turnuvaligi.com\/JWCA\/wp-content\/uploads\/2025\/04\/papillon.webp\" alt=\"\">\r\n      <img decoding=\"async\" src=\"https:\/\/turnuvaligi.com\/JWCA\/wp-content\/uploads\/2025\/04\/skechers.webp\" alt=\"\">\r\n      <img decoding=\"async\" src=\"https:\/\/turnuvaligi.com\/JWCA\/wp-content\/uploads\/2025\/04\/pegas.webp\" alt=\"\">\r\n      <img decoding=\"async\" src=\"https:\/\/turnuvaligi.com\/JWCA\/wp-content\/uploads\/2025\/04\/cihan.webp\" alt=\"\">\r\n      <img decoding=\"async\" src=\"https:\/\/turnuvaligi.com\/JWCA\/wp-content\/uploads\/2025\/04\/moonline.webp\" alt=\"\">\r\n      <img decoding=\"async\" src=\"https:\/\/turnuvaligi.com\/JWCA\/wp-content\/uploads\/2025\/04\/susesi.webp\" alt=\"\">\r\n      <img decoding=\"async\" src=\"https:\/\/turnuvaligi.com\/JWCA\/wp-content\/uploads\/2025\/04\/calista.webp\" alt=\"\">\r\n    <\/div>\r\n  <\/div>\r\n<\/div>\r\n<style>\r\n.marquee-slider {\r\n  overflow: hidden;\r\n  width: 100%;\r\n  padding: 10px 0;\r\n}\r\n\r\n.marquee-track {\r\n  display: flex;\r\n  width: max-content;\r\n  animation: scroll 25s linear infinite;\r\n}\r\n\r\n.marquee-group {\r\n  display: flex;\r\n}\r\n\r\n.marquee-group img {\r\n  height: 150px;\r\n  width: auto; \r\n  margin: 0 5px;\r\n  object-fit: contain;\r\n  flex-shrink: 0;\r\n  border-radius: 20px;\r\n}\r\n\r\n@keyframes scroll {\r\n  0% { transform: translateX(0); }\r\n  100% { transform: translateX(-50%); }\r\n}\r\n<\/style>\r\n\t\t\t\t<\/div>\n\t\t\t\t<\/div>\n\t\t\t\t<\/div>\n\t\t\t\t\t<\/div>\n\t\t\t\t<\/div>\n\t\t\t\t<\/div>\n\t\t","protected":false},"excerpt":{"rendered":"<p>JWCA 2025 FUTBOLTURNUVASI JWCA 2025, d\u00fcnyan\u0131n d\u00f6rt bir yan\u0131ndan gelen gen\u00e7 futbol yeteneklerini Antalya\u2019da bir araya getiriyor. 2009-2015 do\u011fumlu oyuncular\u0131n yer ald\u0131\u011f\u0131 bu prestijli turnuva; dostluk, rekabet ve futbol tutkusu etraf\u0131nda \u015fekillenen unutulmaz bir organizasyon sunuyor. Kar\u015f\u0131la\u015fmalar, profesyonel sahalarda oynanmakta ve t\u00fcm s\u00fcre\u00e7 Turnuvaligi altyap\u0131s\u0131 \u00fczerinden dijital olarak takip edilebilmektedir. Canl\u0131 skorlar, fikst\u00fcrler, istatistikler ve [&hellip;]<\/p>\n","protected":false},"author":1,"featured_media":0,"parent":0,"menu_order":0,"comment_status":"closed","ping_status":"closed","template":"elementor_header_footer","meta":{"footnotes":""},"class_list":["post-510","page","type-page","status-publish","hentry"],"_links":{"self":[{"href":"https:\/\/turnuvaligi.com\/JWCA\/wp-json\/wp\/v2\/pages\/510","targetHints":{"allow":["GET"]}}],"collection":[{"href":"https:\/\/turnuvaligi.com\/JWCA\/wp-json\/wp\/v2\/pages"}],"about":[{"href":"https:\/\/turnuvaligi.com\/JWCA\/wp-json\/wp\/v2\/types\/page"}],"author":[{"embeddable":true,"href":"https:\/\/turnuvaligi.com\/JWCA\/wp-json\/wp\/v2\/users\/1"}],"replies":[{"embeddable":true,"href":"https:\/\/turnuvaligi.com\/JWCA\/wp-json\/wp\/v2\/comments?post=510"}],"version-history":[{"count":122,"href":"https:\/\/turnuvaligi.com\/JWCA\/wp-json\/wp\/v2\/pages\/510\/revisions"}],"predecessor-version":[{"id":934,"href":"https:\/\/turnuvaligi.com\/JWCA\/wp-json\/wp\/v2\/pages\/510\/revisions\/934"}],"wp:attachment":[{"href":"https:\/\/turnuvaligi.com\/JWCA\/wp-json\/wp\/v2\/media?parent=510"}],"curies":[{"name":"wp","href":"https:\/\/api.w.org\/{rel}","templated":true}]}}